{"id":54,"date":"2025-04-11T07:24:26","date_gmt":"2025-04-11T07:24:26","guid":{"rendered":"https:\/\/ok-bytes.com\/?page_id=54"},"modified":"2025-04-11T11:30:00","modified_gmt":"2025-04-11T11:30:00","slug":"ueber-mich","status":"publish","type":"page","link":"https:\/\/ok-bytes.com\/index.php\/ueber-mich\/","title":{"rendered":"\u00dcber mich"},"content":{"rendered":"\n<h3 class=\"wp-block-heading\">Vom Hobby zum Beruf<\/h3>\n\n\n\n<p>Ja das geht. Als gelernter Fachinformatiker habe ich zwar in den letzten Zehn Jahren so extrem viel dazugelernt aber an Herausforderung fehlte es dann doch irgendwann. Also war der Schritt in Richtung Selbst\u00e4ndigkeit nur eine Frage der Zeit.<\/p>\n\n\n\n<p>Somit erfolgte im April 2025 dann also Firmengr\u00fcndung und damit \u00f6ffnet sich nun auch ein neues Kapitel in meinem Leben.<\/p>\n\n\n\n<p><\/p>\n\n\n\n<h3 class=\"wp-block-heading\">Aber der Reihe nach<\/h3>\n\n\n\n<p>Ich wurde am 06.11.1985 in Hoyerswerda (Sachsen) geboren und fand zeitnah Interesse an Technik und damit auch an Computern. Mit dem ersten 200MHz  PC stieg auch die Freude am L\u00f6sen von diversen Problemen mit den Rechenmaschinen. Zwar folgte ich erst dem Ruf nach einem Handwerksberuf aber dennoch riss das Interesse nicht ab und diverse private Eins\u00e4tze bei Freunden und Familie zeigten da schon deutlich das mein Herz f\u00fcr die IT schl\u00e4gt. Also h\u00e4ngte ich den Handwerksberuf an den Nagel und begann dann die Ausbildung zum Fachinformatiker f\u00fcr Systemintegration. Inzwischen stehe ich also mit beiden Beinen fest und sicher im Leben und freu mich jeden Tag \u00fcber neue Herausforderungen in meinem Beruf.<\/p>\n\n\n\n<h3 class=\"wp-block-heading\">Man w\u00e4chst mit seinen Aufgaben<\/h3>\n\n\n\n<p>So war ich bereits einige Jahre als externer Dienstleister t\u00e4tig und sammelt auf diese weise schnell viel Erfahrung welche mir grade auch als Selbst\u00e4ndiger ITler extrem vom Nutzen sind. Dazu habe ich bereits acht Jahre alle Bereiche der IT bei einem mittelst\u00e4ndischen Unternehmen bedienen d\u00fcrfen und m\u00fcssen was extrem an Know-how-Schraube drehte. So konnte ich hier in der sch\u00f6nen Ortenau arbeiten und mein Wissen in den Bereichen<\/p>\n\n\n\n<ul class=\"wp-block-list\">\n<li>Netzwerkprogrammierung <\/li>\n\n\n\n<li>Webdesign<\/li>\n\n\n\n<li>Datenbanken<\/li>\n\n\n\n<li>Helpdesk &amp; Support<\/li>\n\n\n\n<li>Prorgammierung<\/li>\n\n\n\n<li>IT Sicherheit<\/li>\n\n\n\n<li>Windows Clients und Server<\/li>\n\n\n\n<li>Linux &amp; Mac<\/li>\n<\/ul>\n\n\n\n<p>deutlich erweitern und festigen. <\/p>\n","protected":false},"excerpt":{"rendered":"<p>Vom Hobby zum Beruf Ja das geht. Als gelernter Fachinformatiker habe ich zwar in den letzten Zehn Jahren so extrem viel dazugelernt aber an Herausforderung fehlte es dann doch irgendwann. Also war der Schritt in Richtung Selbst\u00e4ndigkeit nur eine Frage der Zeit. Somit erfolgte im April 2025 dann also Firmengr\u00fcndung und damit \u00f6ffnet sich nun [&hellip;]<\/p>\n","protected":false},"author":2,"featured_media":0,"parent":0,"menu_order":0,"comment_status":"closed","ping_status":"closed","template":"","meta":{"footnotes":""},"class_list":["post-54","page","type-page","status-publish","hentry"],"_links":{"self":[{"href":"https:\/\/ok-bytes.com\/index.php\/wp-json\/wp\/v2\/pages\/54","targetHints":{"allow":["GET"]}}],"collection":[{"href":"https:\/\/ok-bytes.com\/index.php\/wp-json\/wp\/v2\/pages"}],"about":[{"href":"https:\/\/ok-bytes.com\/index.php\/wp-json\/wp\/v2\/types\/page"}],"author":[{"embeddable":true,"href":"https:\/\/ok-bytes.com\/index.php\/wp-json\/wp\/v2\/users\/2"}],"replies":[{"embeddable":true,"href":"https:\/\/ok-bytes.com\/index.php\/wp-json\/wp\/v2\/comments?post=54"}],"version-history":[{"count":4,"href":"https:\/\/ok-bytes.com\/index.php\/wp-json\/wp\/v2\/pages\/54\/revisions"}],"predecessor-version":[{"id":73,"href":"https:\/\/ok-bytes.com\/index.php\/wp-json\/wp\/v2\/pages\/54\/revisions\/73"}],"wp:attachment":[{"href":"https:\/\/ok-bytes.com\/index.php\/wp-json\/wp\/v2\/media?parent=54"}],"curies":[{"name":"wp","href":"https:\/\/api.w.org\/{rel}","templated":true}]}}